{"id":798,"date":"2018-08-29T22:32:16","date_gmt":"2018-08-30T01:32:16","guid":{"rendered":"https:\/\/isfd65-bue.infd.edu.ar\/sitio\/estructura-curricular\/"},"modified":"2021-11-30T16:15:07","modified_gmt":"2021-11-30T19:15:07","slug":"estructura-curricular","status":"publish","type":"page","link":"https:\/\/isfd65-bue.infd.edu.ar\/sitio\/estructura-curricular\/","title":{"rendered":"Estructura curricular"},"content":{"rendered":"<p><a href=\"https:\/\/isfd65-bue.infd.edu.ar\/sitio\/wp-content\/uploads\/2020\/12\/Doc1.pdf\">Doc1<\/a><\/p>\n\n\n<p>\u00a0 <strong>1\u00b0 A\u00f1o<\/strong> <\/p>\n\n\n\n<p>PSICOLOG\u00cdA <\/p>\n\n\n\n<p>TEOR\u00cdAS SOCIOCULTURALES DE LA SALUD <\/p>\n\n\n\n<p>CONDICIONES Y MEDIO AMBIENTE DEL TRABAJO <\/p>\n\n\n\n<p>SALUD P\u00daBLICA I <\/p>\n\n\n\n<p>BIOLOG\u00cdA HUMANA <\/p>\n\n\n\n<p>FUNDAMENTOS DEL CUIDADO <\/p>\n\n\n\n<p>CUIDADOS DE LA SALUD CENTRADOS EN LA COMUNIDAD Y LA FAMILIA <\/p>\n\n\n\n<p>PR\u00c1CTICA PROFESIONALIZANTE I<\/p>\n\n\n\n<p><\/p>\n","protected":false},"excerpt":{"rendered":"<p>Doc1 \u00a0 1\u00b0 A\u00f1o PSICOLOG\u00cdA TEOR\u00cdAS SOCIOCULTURALES DE LA SALUD CONDICIONES Y MEDIO AMBIENTE DEL TRABAJO SALUD P\u00daBLICA I BIOLOG\u00cdA HUMANA FUNDAMENTOS DEL CUIDADO CUIDADOS DE LA SALUD CENTRADOS EN LA COMUNIDAD Y LA FAMILIA PR\u00c1CTICA PROFESIONALIZANTE I<\/p>\n","protected":false},"author":68,"featured_media":0,"parent":0,"menu_order":0,"comment_status":"closed","ping_status":"closed","template":"","meta":[],"acf":[],"_links":{"self":[{"href":"https:\/\/isfd65-bue.infd.edu.ar\/sitio\/wp-json\/wp\/v2\/pages\/798"}],"collection":[{"href":"https:\/\/isfd65-bue.infd.edu.ar\/sitio\/wp-json\/wp\/v2\/pages"}],"about":[{"href":"https:\/\/isfd65-bue.infd.edu.ar\/sitio\/wp-json\/wp\/v2\/types\/page"}],"author":[{"embeddable":true,"href":"https:\/\/isfd65-bue.infd.edu.ar\/sitio\/wp-json\/wp\/v2\/users\/68"}],"replies":[{"embeddable":true,"href":"https:\/\/isfd65-bue.infd.edu.ar\/sitio\/wp-json\/wp\/v2\/comments?post=798"}],"version-history":[{"count":2,"href":"https:\/\/isfd65-bue.infd.edu.ar\/sitio\/wp-json\/wp\/v2\/pages\/798\/revisions"}],"predecessor-version":[{"id":943,"href":"https:\/\/isfd65-bue.infd.edu.ar\/sitio\/wp-json\/wp\/v2\/pages\/798\/revisions\/943"}],"wp:attachment":[{"href":"https:\/\/isfd65-bue.infd.edu.ar\/sitio\/wp-json\/wp\/v2\/media?parent=798"}],"curies":[{"name":"wp","href":"https:\/\/api.w.org\/{rel}","templated":true}]}}