{"id":796,"date":"2018-08-29T22:32:15","date_gmt":"2018-08-30T01:32:15","guid":{"rendered":"https:\/\/isfd65-bue.infd.edu.ar\/sitio\/organizacion-curricular\/"},"modified":"2024-10-15T19:02:25","modified_gmt":"2024-10-15T22:02:25","slug":"inscripcion","status":"publish","type":"page","link":"https:\/\/isfd65-bue.infd.edu.ar\/sitio\/inscripcion\/","title":{"rendered":"Nuestras Carreras"},"content":{"rendered":"<p>Cada a\u00f1o cambiamos la oferta de carreras para dar m\u00e1s posibilidades a estudiantes de San Cayetano y la zona.<\/p>\n<p>\u00bfC\u00f3mo elegimos las carreras?\u00a0<\/p>\n<p>En base a<b> cuatro ejes <\/b>fundamentales:<\/p>\n<ul>\n<li>Inter\u00e9s de la poblaci\u00f3n y de los posibles alumnos.<\/li>\n<li>Necesidad de la comunidad.<\/li>\n<li>Inserci\u00f3n laboral.<\/li>\n<li>Existencia de recursos humanos para dictar una formaci\u00f3n de calidad.<\/li>\n<\/ul>\n\n\n<p><\/p>\n","protected":false},"excerpt":{"rendered":"<p>Cada a\u00f1o cambiamos la oferta de carreras para dar m\u00e1s posibilidades a estudiantes de San Cayetano y la zona. \u00bfC\u00f3mo elegimos las carreras?\u00a0 En base a cuatro ejes fundamentales: Inter\u00e9s de la poblaci\u00f3n y de los posibles alumnos. Necesidad de la comunidad. Inserci\u00f3n laboral. Existencia de recursos humanos para dictar una formaci\u00f3n de calidad.<\/p>\n","protected":false},"author":68,"featured_media":0,"parent":0,"menu_order":0,"comment_status":"closed","ping_status":"closed","template":"","meta":[],"acf":[],"_links":{"self":[{"href":"https:\/\/isfd65-bue.infd.edu.ar\/sitio\/wp-json\/wp\/v2\/pages\/796"}],"collection":[{"href":"https:\/\/isfd65-bue.infd.edu.ar\/sitio\/wp-json\/wp\/v2\/pages"}],"about":[{"href":"https:\/\/isfd65-bue.infd.edu.ar\/sitio\/wp-json\/wp\/v2\/types\/page"}],"author":[{"embeddable":true,"href":"https:\/\/isfd65-bue.infd.edu.ar\/sitio\/wp-json\/wp\/v2\/users\/68"}],"replies":[{"embeddable":true,"href":"https:\/\/isfd65-bue.infd.edu.ar\/sitio\/wp-json\/wp\/v2\/comments?post=796"}],"version-history":[{"count":6,"href":"https:\/\/isfd65-bue.infd.edu.ar\/sitio\/wp-json\/wp\/v2\/pages\/796\/revisions"}],"predecessor-version":[{"id":996,"href":"https:\/\/isfd65-bue.infd.edu.ar\/sitio\/wp-json\/wp\/v2\/pages\/796\/revisions\/996"}],"wp:attachment":[{"href":"https:\/\/isfd65-bue.infd.edu.ar\/sitio\/wp-json\/wp\/v2\/media?parent=796"}],"curies":[{"name":"wp","href":"https:\/\/api.w.org\/{rel}","templated":true}]}}