{"id":779,"date":"2020-08-29T22:32:09","date_gmt":"2020-08-30T01:32:09","guid":{"rendered":"https:\/\/isfd65-bue.infd.edu.ar\/sitio\/solicitud-de-preinscripcion-2\/"},"modified":"2022-11-16T15:20:30","modified_gmt":"2022-11-16T18:20:30","slug":"inscripcion","status":"publish","type":"page","link":"https:\/\/isfd65-bue.infd.edu.ar\/sitio\/profesorado-en-educacion-inicial\/inscripcion\/","title":{"rendered":"INSCRIPCI\u00d3N"},"content":{"rendered":"<p>Abierta la inscripci\u00f3n para el ciclo 2023 al Profesorado en Educaci\u00f3n Primaria<\/p>\n<p>\u00a0<\/p>\n\n\n<p><\/p>\n","protected":false},"excerpt":{"rendered":"<p>Abierta la inscripci\u00f3n para el ciclo 2023 al Profesorado en Educaci\u00f3n Primaria \u00a0<\/p>\n","protected":false},"author":68,"featured_media":0,"parent":731,"menu_order":0,"comment_status":"closed","ping_status":"closed","template":"","meta":[],"acf":[],"_links":{"self":[{"href":"https:\/\/isfd65-bue.infd.edu.ar\/sitio\/wp-json\/wp\/v2\/pages\/779"}],"collection":[{"href":"https:\/\/isfd65-bue.infd.edu.ar\/sitio\/wp-json\/wp\/v2\/pages"}],"about":[{"href":"https:\/\/isfd65-bue.infd.edu.ar\/sitio\/wp-json\/wp\/v2\/types\/page"}],"author":[{"embeddable":true,"href":"https:\/\/isfd65-bue.infd.edu.ar\/sitio\/wp-json\/wp\/v2\/users\/68"}],"replies":[{"embeddable":true,"href":"https:\/\/isfd65-bue.infd.edu.ar\/sitio\/wp-json\/wp\/v2\/comments?post=779"}],"version-history":[{"count":6,"href":"https:\/\/isfd65-bue.infd.edu.ar\/sitio\/wp-json\/wp\/v2\/pages\/779\/revisions"}],"predecessor-version":[{"id":956,"href":"https:\/\/isfd65-bue.infd.edu.ar\/sitio\/wp-json\/wp\/v2\/pages\/779\/revisions\/956"}],"up":[{"embeddable":true,"href":"https:\/\/isfd65-bue.infd.edu.ar\/sitio\/wp-json\/wp\/v2\/pages\/731"}],"wp:attachment":[{"href":"https:\/\/isfd65-bue.infd.edu.ar\/sitio\/wp-json\/wp\/v2\/media?parent=779"}],"curies":[{"name":"wp","href":"https:\/\/api.w.org\/{rel}","templated":true}]}}