{"id":775,"date":"2020-08-29T22:32:08","date_gmt":"2020-08-30T01:32:08","guid":{"rendered":"https:\/\/isfd65-bue.infd.edu.ar\/sitio\/calendario-academico-2\/"},"modified":"2020-12-29T15:38:41","modified_gmt":"2020-12-29T18:38:41","slug":"informacion-genera","status":"publish","type":"page","link":"https:\/\/isfd65-bue.infd.edu.ar\/sitio\/informacion-genera\/","title":{"rendered":"Informaci\u00f3n General"},"content":{"rendered":"<p><span style=\"font-size: 12pt; color: #cc6600; font-family: arial;\"><strong>\u00a0<\/strong><\/span><\/p>\n<p><span style=\"font-size: 10pt; font-family: verdana,geneva;\"><strong><img decoding=\"async\" src=\"https:\/\/isfd65-bue.infd.edu.ar\/sitio\/wp-content\/uploads\/2018\/08\/almanaque.bmp\" alt=\"Almanaque\" border=\"0\" \/>\u00a0<\/strong><\/span><\/p>\n<table width=\"633\">\n<tbody>\n<tr>\n<td width=\"633\"><strong>INFORMACI\u00d3N GENERAL<\/strong><\/td>\n<\/tr>\n<\/tbody>\n<\/table>\n<p>&nbsp;<\/p>\n<table>\n<tbody>\n<tr>\n<td width=\"283\">\u00a0\u00a0\u00a0\u00a0\u00a0\u00a0 T\u00e9cnico Superior en Administraci\u00f3n con orientaci\u00f3n en Marketing<\/p>\n<p>T\u00edtulo Oficial de Validez Nacional<\/p>\n<p>Resol. 5834\/03<\/p>\n<p>&nbsp;<\/td>\n<td width=\"283\">\u00a0\u00a0\u00a0\u00a0\u00a0\u00a0 Duraci\u00f3n: 3 a\u00f1os<\/p>\n<p>Modalidad: Presencial<\/p>\n<p>Requisitos: T\u00edtulo Secundario*<\/p>\n<p>&nbsp;<\/td>\n<\/tr>\n<\/tbody>\n<\/table>\n<p>*Ten\u00e9s tiempo para rendir las materias de secundaria hasta el 31 de mayo de 2021<\/p>\n<p><span style=\"font-size: 12pt; color: #cc6600; font-family: arial;\">\u00a0<\/span><\/p>\n<p>&nbsp;<\/p>\n<p><span style=\"font-size: 10pt; font-family: verdana,geneva;\"><strong>\u00a0<\/strong><\/span><\/p>\n<p>&nbsp;<\/p>\n<p>&nbsp;<\/p>\n","protected":false},"excerpt":{"rendered":"<p>\u00a0 \u00a0 INFORMACI\u00d3N GENERAL &nbsp; \u00a0\u00a0\u00a0\u00a0\u00a0\u00a0 T\u00e9cnico Superior en Administraci\u00f3n con orientaci\u00f3n en Marketing T\u00edtulo Oficial de Validez Nacional Resol. 5834\/03 &nbsp; \u00a0\u00a0\u00a0\u00a0\u00a0\u00a0 Duraci\u00f3n: 3 a\u00f1os Modalidad: Presencial Requisitos: T\u00edtulo Secundario* &nbsp; *Ten\u00e9s tiempo para rendir las materias de secundaria hasta el 31 de mayo de 2021 \u00a0 &nbsp; \u00a0 &nbsp; &nbsp;<\/p>\n","protected":false},"author":68,"featured_media":0,"parent":0,"menu_order":0,"comment_status":"closed","ping_status":"closed","template":"","meta":[],"acf":[],"_links":{"self":[{"href":"https:\/\/isfd65-bue.infd.edu.ar\/sitio\/wp-json\/wp\/v2\/pages\/775"}],"collection":[{"href":"https:\/\/isfd65-bue.infd.edu.ar\/sitio\/wp-json\/wp\/v2\/pages"}],"about":[{"href":"https:\/\/isfd65-bue.infd.edu.ar\/sitio\/wp-json\/wp\/v2\/types\/page"}],"author":[{"embeddable":true,"href":"https:\/\/isfd65-bue.infd.edu.ar\/sitio\/wp-json\/wp\/v2\/users\/68"}],"replies":[{"embeddable":true,"href":"https:\/\/isfd65-bue.infd.edu.ar\/sitio\/wp-json\/wp\/v2\/comments?post=775"}],"version-history":[{"count":4,"href":"https:\/\/isfd65-bue.infd.edu.ar\/sitio\/wp-json\/wp\/v2\/pages\/775\/revisions"}],"predecessor-version":[{"id":872,"href":"https:\/\/isfd65-bue.infd.edu.ar\/sitio\/wp-json\/wp\/v2\/pages\/775\/revisions\/872"}],"wp:attachment":[{"href":"https:\/\/isfd65-bue.infd.edu.ar\/sitio\/wp-json\/wp\/v2\/media?parent=775"}],"curies":[{"name":"wp","href":"https:\/\/api.w.org\/{rel}","templated":true}]}}