{"id":769,"date":"2020-08-29T22:32:06","date_gmt":"2020-08-30T01:32:06","guid":{"rendered":"https:\/\/isfd65-bue.infd.edu.ar\/sitio\/calendario-academico\/"},"modified":"2022-11-16T15:21:32","modified_gmt":"2022-11-16T18:21:32","slug":"calendario-academico","status":"publish","type":"page","link":"https:\/\/isfd65-bue.infd.edu.ar\/sitio\/calendario-academico\/","title":{"rendered":"Informaci\u00f3n General"},"content":{"rendered":"<table style=\"height: 224px;\" width=\"738\">\n<tbody>\n<tr>\n<td width=\"283\">\u00a0\u00a0\u00a0\u00a0\u00a0\u00a0 Profesor\/a en Educaci\u00f3n Primaria<\/p>\n<p>T\u00edtulo Oficial de Validez Nacional<\/p>\n<p>Resol. 4154\/07<\/td>\n<td width=\"283\">\u00a0 \u00a0 \u00a0 Duraci\u00f3n: 4 a\u00f1os<\/p>\n<p>Modalidad: Presencial<\/p>\n<p>Requisitos: T\u00edtulo Secundario*<\/td>\n<\/tr>\n<\/tbody>\n<\/table>\n<p>*Ten\u00e9s tiempo para rendir las materias del secundario hasta el 31 de mayo de 2023<\/p>\n<p><span style=\"font-size: 12pt; color: #cc6600; font-family: arial;\">\u00a0<\/span><\/p>\n<p class=\"MsoNormal\" style=\"margin: 0cm 0cm 0pt; text-align: center;\">\n","protected":false},"excerpt":{"rendered":"<p>\u00a0\u00a0\u00a0\u00a0\u00a0\u00a0 Profesor\/a en Educaci\u00f3n Primaria T\u00edtulo Oficial de Validez Nacional Resol. 4154\/07 \u00a0 \u00a0 \u00a0 Duraci\u00f3n: 4 a\u00f1os Modalidad: Presencial Requisitos: T\u00edtulo Secundario* *Ten\u00e9s tiempo para rendir las materias del secundario hasta el 31 de mayo de 2023 \u00a0<\/p>\n","protected":false},"author":68,"featured_media":0,"parent":0,"menu_order":0,"comment_status":"closed","ping_status":"closed","template":"","meta":[],"acf":[],"_links":{"self":[{"href":"https:\/\/isfd65-bue.infd.edu.ar\/sitio\/wp-json\/wp\/v2\/pages\/769"}],"collection":[{"href":"https:\/\/isfd65-bue.infd.edu.ar\/sitio\/wp-json\/wp\/v2\/pages"}],"about":[{"href":"https:\/\/isfd65-bue.infd.edu.ar\/sitio\/wp-json\/wp\/v2\/types\/page"}],"author":[{"embeddable":true,"href":"https:\/\/isfd65-bue.infd.edu.ar\/sitio\/wp-json\/wp\/v2\/users\/68"}],"replies":[{"embeddable":true,"href":"https:\/\/isfd65-bue.infd.edu.ar\/sitio\/wp-json\/wp\/v2\/comments?post=769"}],"version-history":[{"count":2,"href":"https:\/\/isfd65-bue.infd.edu.ar\/sitio\/wp-json\/wp\/v2\/pages\/769\/revisions"}],"predecessor-version":[{"id":957,"href":"https:\/\/isfd65-bue.infd.edu.ar\/sitio\/wp-json\/wp\/v2\/pages\/769\/revisions\/957"}],"wp:attachment":[{"href":"https:\/\/isfd65-bue.infd.edu.ar\/sitio\/wp-json\/wp\/v2\/media?parent=769"}],"curies":[{"name":"wp","href":"https:\/\/api.w.org\/{rel}","templated":true}]}}