{"id":747,"date":"2018-08-29T22:31:59","date_gmt":"2018-08-30T01:31:59","guid":{"rendered":"https:\/\/isfd65-bue.infd.edu.ar\/sitio\/tecnicatura-superior-en-enfermeria\/"},"modified":"2021-11-30T16:12:15","modified_gmt":"2021-11-30T19:12:15","slug":"tecnicatura-superior-en-enfermeria","status":"publish","type":"page","link":"https:\/\/isfd65-bue.infd.edu.ar\/sitio\/tecnicatura-superior-en-enfermeria\/","title":{"rendered":"Tecnicatura Superior en Enfermer\u00eda"},"content":{"rendered":"<h1><span style=\"font-family: Arial;\">T\u00cdTULO: <\/span><span style=\"font-family: Arial;\">ENFERMERO<\/span><\/h1>\n<h1><strong><span style=\"font-size: 12pt;\">NIVEL: SUPERIOR <\/span><\/strong><\/h1>\n<p><strong><span style=\"font-size: 12pt;\">MODALIDAD: PRESENCIAL<\/span><\/strong><\/p>\n<p><strong><span style=\"font-size: 12pt;\">DURACI\u00d3N: 3 A\u00d1OS<\/span><\/strong><\/p>\n<p><strong><span style=\"font-size: 12pt;\">CANTIDAD DE HORAS: 2144 HORAS<\/span><\/strong><\/p>\n<p><strong>Perfil PROFESIONAL DEL ENFERMERO<\/strong><\/p>\n<p><strong>Competencia General <\/strong><\/p>\n<p>El Enfermero es un profesional de las Ciencias de la Salud con formaci\u00f3n cient\u00edfica, t\u00e9cnica y human\u00edstica, responsable de brindar cuidados de enfermer\u00eda a las personas, familias y comunidad. Asume el derecho a la salud de las personas como inalienable y se integra al sistema de salud con sus competencias para garantizarlo.<\/p>\n<p>Despliega las actividades de cuidado utilizando las estrategias de protecci\u00f3n y promoci\u00f3n de la salud, asistencia de las enfermedades y su recuperaci\u00f3n, como integrante del equipo de salud para elevar el nivel de salud y la calidad de vida de la poblaci\u00f3n.<\/p>\n<p>Participa en procesos de gesti\u00f3n de los servicios de enfermer\u00eda para mejorar los cuidados y valora la educaci\u00f3n permanente en salud, respetando el protagonismo de las personas en el cuidado de su propia salud.<\/p>\n<p>En el desempe\u00f1o profesional asume una actitud reflexiva, cr\u00edtica, \u00e9tica y de responsabilidad legal, con participaci\u00f3n, compromiso profesional y fortalecimiento del colectivo de enfermer\u00eda, como as\u00ed mismo, una permanente actitud investigativa que propicie el desarrollo de la disciplina y la promoci\u00f3n de cambios, participando en los procesos de gesti\u00f3n a fin de mejorar la calidad de los cuidados de la salud.<\/p>\n","protected":false},"excerpt":{"rendered":"<p>T\u00cdTULO: ENFERMERO NIVEL: SUPERIOR MODALIDAD: PRESENCIAL DURACI\u00d3N: 3 A\u00d1OS CANTIDAD DE HORAS: 2144 HORAS Perfil PROFESIONAL DEL ENFERMERO Competencia General El Enfermero es un profesional de las Ciencias de la Salud con formaci\u00f3n cient\u00edfica, t\u00e9cnica y human\u00edstica, responsable de brindar cuidados de enfermer\u00eda a las personas, familias y comunidad. Asume el derecho a la salud &#8230; <a title=\"Tecnicatura Superior en Enfermer\u00eda\" class=\"read-more\" href=\"https:\/\/isfd65-bue.infd.edu.ar\/sitio\/tecnicatura-superior-en-enfermeria\/\" aria-label=\"More on Tecnicatura Superior en Enfermer\u00eda\">[+]<\/a><\/p>\n","protected":false},"author":68,"featured_media":0,"parent":0,"menu_order":0,"comment_status":"closed","ping_status":"closed","template":"","meta":[],"acf":[],"_links":{"self":[{"href":"https:\/\/isfd65-bue.infd.edu.ar\/sitio\/wp-json\/wp\/v2\/pages\/747"}],"collection":[{"href":"https:\/\/isfd65-bue.infd.edu.ar\/sitio\/wp-json\/wp\/v2\/pages"}],"about":[{"href":"https:\/\/isfd65-bue.infd.edu.ar\/sitio\/wp-json\/wp\/v2\/types\/page"}],"author":[{"embeddable":true,"href":"https:\/\/isfd65-bue.infd.edu.ar\/sitio\/wp-json\/wp\/v2\/users\/68"}],"replies":[{"embeddable":true,"href":"https:\/\/isfd65-bue.infd.edu.ar\/sitio\/wp-json\/wp\/v2\/comments?post=747"}],"version-history":[{"count":2,"href":"https:\/\/isfd65-bue.infd.edu.ar\/sitio\/wp-json\/wp\/v2\/pages\/747\/revisions"}],"predecessor-version":[{"id":941,"href":"https:\/\/isfd65-bue.infd.edu.ar\/sitio\/wp-json\/wp\/v2\/pages\/747\/revisions\/941"}],"wp:attachment":[{"href":"https:\/\/isfd65-bue.infd.edu.ar\/sitio\/wp-json\/wp\/v2\/media?parent=747"}],"curies":[{"name":"wp","href":"https:\/\/api.w.org\/{rel}","templated":true}]}}