{"id":731,"date":"2020-12-27T22:31:52","date_gmt":"2020-12-28T01:31:52","guid":{"rendered":"https:\/\/isfd65-bue.infd.edu.ar\/sitio\/profesorado-en-educacion-inicial\/"},"modified":"2024-10-16T13:50:59","modified_gmt":"2024-10-16T16:50:59","slug":"profesorado-en-educacion-inicial","status":"publish","type":"page","link":"https:\/\/isfd65-bue.infd.edu.ar\/sitio\/profesorado-en-educacion-inicial\/","title":{"rendered":"Profesorado de Educaci\u00f3n Primaria"},"content":{"rendered":"<h1>Campo Profesional<\/h1>\n<p>Al finalizar podr\u00e1s ejercer la docencia en escuelas de nivel primario, tanto en instituciones de gesti\u00f3n estatal como privada y en otros establecimientos de la Direcci\u00f3n General de Educaci\u00f3n. Estar\u00e1s capacitado\/a para realizar las siguientes tareas y funciones:<\/p>\n<p>&nbsp;<\/p>\n<ul>\n<li>Definici\u00f3n de estrategias de aprendizaje y organizaci\u00f3n y utilizaci\u00f3n eficaz de los recursos que le permitan alcanzar los objetivos propuestos.<\/li>\n<\/ul>\n<ul>\n<li>Planificaci\u00f3n, conducci\u00f3n y evaluaci\u00f3n de procesos de aprendizaje en el marco de las prescripciones curriculares jurisdiccionales y de los proyectos institucionales de la escuela en la que se desempe\u00f1e.<\/li>\n<\/ul>\n<ul>\n<li>Seguimiento y orientaci\u00f3n para el mejor desempe\u00f1o de los alumnos.<\/li>\n<\/ul>\n<ul>\n<li>Promoci\u00f3n de acciones que propicien la integraci\u00f3n social y cultural y la justicia, libertad y participaci\u00f3n educativa de los ni\u00f1os, comprendiendo la diversidad.<\/li>\n<\/ul>\n<ul>\n<li>Trabajo en equipo y en forma colaborativa con maestros, especialistas y con otros profesionales, para ofrecer al alumno los apoyos espec\u00edficos que necesita para una inclusi\u00f3n efectiva.<\/li>\n<\/ul>\n<ul>\n<li>Reflexi\u00f3n sobre la propia pr\u00e1ctica.<\/li>\n<\/ul>\n<ul>\n<li>Participaci\u00f3n en equipo de actividades de investigaci\u00f3n sobre la pr\u00e1ctica docente y elaboraci\u00f3n de propuesta de mejora.<\/li>\n<\/ul>\n<ul>\n<li>Dise\u00f1o, participaci\u00f3n y\/o asesoramiento en proyectos de aula, institucionales, jurisdiccionales de distintos \u00f3rdenes en \u00e1mbitos de educaci\u00f3n formal y no formal.<\/li>\n<\/ul>\n<ul>\n<li>Participaci\u00f3n en eventos\/programas comunitarios y\/o multimediales sobre tem\u00e1ticas afines a la Educaci\u00f3n Primaria (debates, seminarios, congresos).<\/li>\n<\/ul>\n<p class=\"MsoNormal\" style=\"margin: 0cm 0cm 0pt 10.65pt;\"><img decoding=\"async\" loading=\"lazy\" class=\"alignnone size-full wp-image-809\" src=\"https:\/\/isfd65-bue.infd.edu.ar\/sitio\/wp-content\/uploads\/2020\/12\/primaria.jpg\" alt=\"\" width=\"276\" height=\"183\"><\/p>\n","protected":false},"excerpt":{"rendered":"<p>Campo Profesional Al finalizar podr\u00e1s ejercer la docencia en escuelas de nivel primario, tanto en instituciones de gesti\u00f3n estatal como privada y en otros establecimientos de la Direcci\u00f3n General de Educaci\u00f3n. Estar\u00e1s capacitado\/a para realizar las siguientes tareas y funciones: &nbsp; Definici\u00f3n de estrategias de aprendizaje y organizaci\u00f3n y utilizaci\u00f3n eficaz de los recursos que &#8230; <a title=\"Profesorado de Educaci\u00f3n Primaria\" class=\"read-more\" href=\"https:\/\/isfd65-bue.infd.edu.ar\/sitio\/profesorado-en-educacion-inicial\/\" aria-label=\"More on Profesorado de Educaci\u00f3n Primaria\">[+]<\/a><\/p>\n","protected":false},"author":68,"featured_media":0,"parent":0,"menu_order":0,"comment_status":"closed","ping_status":"closed","template":"","meta":[],"acf":[],"_links":{"self":[{"href":"https:\/\/isfd65-bue.infd.edu.ar\/sitio\/wp-json\/wp\/v2\/pages\/731"}],"collection":[{"href":"https:\/\/isfd65-bue.infd.edu.ar\/sitio\/wp-json\/wp\/v2\/pages"}],"about":[{"href":"https:\/\/isfd65-bue.infd.edu.ar\/sitio\/wp-json\/wp\/v2\/types\/page"}],"author":[{"embeddable":true,"href":"https:\/\/isfd65-bue.infd.edu.ar\/sitio\/wp-json\/wp\/v2\/users\/68"}],"replies":[{"embeddable":true,"href":"https:\/\/isfd65-bue.infd.edu.ar\/sitio\/wp-json\/wp\/v2\/comments?post=731"}],"version-history":[{"count":2,"href":"https:\/\/isfd65-bue.infd.edu.ar\/sitio\/wp-json\/wp\/v2\/pages\/731\/revisions"}],"predecessor-version":[{"id":1015,"href":"https:\/\/isfd65-bue.infd.edu.ar\/sitio\/wp-json\/wp\/v2\/pages\/731\/revisions\/1015"}],"wp:attachment":[{"href":"https:\/\/isfd65-bue.infd.edu.ar\/sitio\/wp-json\/wp\/v2\/media?parent=731"}],"curies":[{"name":"wp","href":"https:\/\/api.w.org\/{rel}","templated":true}]}}