{"id":1016,"date":"2024-10-16T13:53:05","date_gmt":"2024-10-16T16:53:05","guid":{"rendered":"https:\/\/isfd65-bue.infd.edu.ar\/sitio\/?page_id=1016"},"modified":"2025-03-26T21:51:12","modified_gmt":"2025-03-27T00:51:12","slug":"concursos-docentes","status":"publish","type":"page","link":"https:\/\/isfd65-bue.infd.edu.ar\/sitio\/concursos-docentes\/","title":{"rendered":"CONCURSOS DOCENTES"},"content":{"rendered":"\n<p>Si sos docente o profesional y te interesa presentarte a concurso, env\u00eda un mail a direcci\u00f3nsuperior65@gmail.com solicitando informaci\u00f3n.<\/p>\n","protected":false},"excerpt":{"rendered":"<p>Si sos docente o profesional y te interesa presentarte a concurso, env\u00eda un mail a direcci\u00f3nsuperior65@gmail.com solicitando informaci\u00f3n.<\/p>\n","protected":false},"author":441,"featured_media":0,"parent":0,"menu_order":0,"comment_status":"closed","ping_status":"closed","template":"","meta":[],"acf":[],"_links":{"self":[{"href":"https:\/\/isfd65-bue.infd.edu.ar\/sitio\/wp-json\/wp\/v2\/pages\/1016"}],"collection":[{"href":"https:\/\/isfd65-bue.infd.edu.ar\/sitio\/wp-json\/wp\/v2\/pages"}],"about":[{"href":"https:\/\/isfd65-bue.infd.edu.ar\/sitio\/wp-json\/wp\/v2\/types\/page"}],"author":[{"embeddable":true,"href":"https:\/\/isfd65-bue.infd.edu.ar\/sitio\/wp-json\/wp\/v2\/users\/441"}],"replies":[{"embeddable":true,"href":"https:\/\/isfd65-bue.infd.edu.ar\/sitio\/wp-json\/wp\/v2\/comments?post=1016"}],"version-history":[{"count":2,"href":"https:\/\/isfd65-bue.infd.edu.ar\/sitio\/wp-json\/wp\/v2\/pages\/1016\/revisions"}],"predecessor-version":[{"id":1068,"href":"https:\/\/isfd65-bue.infd.edu.ar\/sitio\/wp-json\/wp\/v2\/pages\/1016\/revisions\/1068"}],"wp:attachment":[{"href":"https:\/\/isfd65-bue.infd.edu.ar\/sitio\/wp-json\/wp\/v2\/media?parent=1016"}],"curies":[{"name":"wp","href":"https:\/\/api.w.org\/{rel}","templated":true}]}}